{"id":1604,"date":"2022-04-18T02:25:51","date_gmt":"2022-04-18T10:25:51","guid":{"rendered":"https:\/\/www.huilicnc.com\/?page_id=1604"},"modified":"2022-11-24T00:10:17","modified_gmt":"2022-11-24T08:10:17","slug":"wire-edm-machining","status":"publish","type":"page","link":"https:\/\/www.huilicnc.com\/de\/services\/wire-edm-machining","title":{"rendered":"Draht-Edm-Bearbeitung"},"content":{"rendered":"<div data-elementor-type=\"wp-page\" data-elementor-id=\"1604\" class=\"elementor elementor-1604\" data-elementor-post-type=\"page\">\n\t\t\t\t\t\t<section class=\"elementor-section elementor-top-section elementor-element elementor-element-957a012 elementor-section-boxed elementor-section-height-default elementor-section-height-default\" data-id=\"957a012\" data-element_type=\"section\" data-settings=\"{&quot;background_background&quot;:&quot;classic&quot;}\">\n\t\t\t\t\t\t<div class=\"elementor-container elementor-column-gap-default\">\n\t\t\t\t\t<div class=\"elementor-column elementor-col-100 elementor-top-column elementor-element elementor-element-3c8c39f\" data-id=\"3c8c39f\" data-element_type=\"column\" data-settings=\"{&quot;background_background&quot;:&quot;classic&quot;}\">\n\t\t\t<div class=\"elementor-widget-wrap elementor-element-populated\">\n\t\t\t\t\t\t<div class=\"elementor-element elementor-element-23b4347 elementor-widget elementor-widget-heading\" data-id=\"23b4347\" data-element_type=\"widget\" data-widget_type=\"heading.default\">\n\t\t\t\t<div class=\"elementor-widget-container\">\n\t\t\t\t\t<h1 class=\"elementor-heading-title elementor-size-default\">Drahterodierdienstleistungen<\/h1>\t\t\t\t<\/div>\n\t\t\t\t<\/div>\n\t\t\t\t<div class=\"elementor-element elementor-element-5438b68 elementor-widget elementor-widget-text-editor\" data-id=\"5438b68\" data-element_type=\"widget\" data-widget_type=\"text-editor.default\">\n\t\t\t\t<div class=\"elementor-widget-container\">\n\t\t\t\t\t\t\t\t\t<p>Sind Sie auf der Suche nach einem Spezialisten f\u00fcr individuell bearbeitete Teile? Huili (Huilicnc.com) hat sich auf Drahterodier- und CNC-Fr\u00e4steile spezialisiert. Sie erhalten industriell gefertigte Teile mit un\u00fcbertroffener Leichtigkeit.<\/p>\t\t\t\t\t\t\t\t<\/div>\n\t\t\t\t<\/div>\n\t\t\t\t<div class=\"elementor-element elementor-element-18f3e0c elementor-align-center elementor-widget elementor-widget-button\" data-id=\"18f3e0c\" data-element_type=\"widget\" data-widget_type=\"button.default\">\n\t\t\t\t<div class=\"elementor-widget-container\">\n\t\t\t\t\t\t\t\t\t<div class=\"elementor-button-wrapper\">\n\t\t\t\t\t<a class=\"elementor-button elementor-button-link elementor-size-sm\" href=\"https:\/\/www.huilicnc.com\/de\/quote\/\">\n\t\t\t\t\t\t<span class=\"elementor-button-content-wrapper\">\n\t\t\t\t\t\t\t\t\t<span class=\"elementor-button-text\">Beginnen Sie mit einem kostenlosen Angebot<\/span>\n\t\t\t\t\t<\/span>\n\t\t\t\t\t<\/a>\n\t\t\t\t<\/div>\n\t\t\t\t\t\t\t\t<\/div>\n\t\t\t\t<\/div>\n\t\t\t\t\t<\/div>\n\t\t<\/div>\n\t\t\t\t\t<\/div>\n\t\t<\/section>\n\t\t\t\t<section class=\"elementor-section elementor-top-section elementor-element elementor-element-d0da6ee elementor-section-boxed elementor-section-height-default elementor-section-height-default\" data-id=\"d0da6ee\" data-element_type=\"section\">\n\t\t\t\t\t\t<div class=\"elementor-container elementor-column-gap-default\">\n\t\t\t\t\t<div class=\"elementor-column elementor-col-100 elementor-top-column elementor-element elementor-element-5ff6f17\" data-id=\"5ff6f17\" data-element_type=\"column\">\n\t\t\t<div class=\"elementor-widget-wrap elementor-element-populated\">\n\t\t\t\t\t\t<div class=\"elementor-element elementor-element-b09f956 elementor-widget elementor-widget-sp-breadcrumbs\" data-id=\"b09f956\" data-element_type=\"widget\" data-widget_type=\"sp-breadcrumbs.default\">\n\t\t\t\t<div class=\"elementor-widget-container\">\n\t\t\t\t\t<nav  aria-label=\"Brotkr\u00fcmel\"><ol class=\"breadcrumb\" itemscope itemtype=\"https:\/\/schema.org\/BreadcrumbList\"><li class=\"breadcrumb-item active\" aria-current=\"page\" itemprop=\"itemListElement\" itemscope itemtype=\"https:\/\/schema.org\/ListItem\"><span itemprop=\"name\">Startseite<\/span><meta itemprop=\"position\" content=\"1\"><\/li><\/ol><\/nav>\t\t\t\t<\/div>\n\t\t\t\t<\/div>\n\t\t\t\t\t<\/div>\n\t\t<\/div>\n\t\t\t\t\t<\/div>\n\t\t<\/section>\n\t\t\t\t<section class=\"elementor-section elementor-top-section elementor-element elementor-element-18d2e45 elementor-section-boxed elementor-section-height-default elementor-section-height-default\" data-id=\"18d2e45\" data-element_type=\"section\">\n\t\t\t\t\t\t<div class=\"elementor-container elementor-column-gap-default\">\n\t\t\t\t\t<div class=\"elementor-column elementor-col-100 elementor-top-column elementor-element elementor-element-6cfef4f\" data-id=\"6cfef4f\" data-element_type=\"column\">\n\t\t\t<div class=\"elementor-widget-wrap elementor-element-populated\">\n\t\t\t\t\t\t<div class=\"elementor-element elementor-element-cd102a7 elementor-widget elementor-widget-text-editor\" data-id=\"cd102a7\" data-element_type=\"widget\" data-widget_type=\"text-editor.default\">\n\t\t\t\t<div class=\"elementor-widget-container\">\n\t\t\t\t\t\t\t\t\t<p>Au\u00dferdem verf\u00fcgt das Unternehmen \u00fcber hochmoderne Drahterodiermaschinen und mehrere Erodiertechnologien, um die Anforderungen seiner Kunden in k\u00fcrzester Zeit zu erf\u00fcllen.<\/p><p>Mit der schnellen Herstellung von Prototypen ist Huili (Huilicnc.com) die beste Wahl f\u00fcr alle Ihre Bed\u00fcrfnisse im Bereich Drahterodieren. Schnelle Durchlaufzeiten, kosteng\u00fcnstige Bearbeitungsprozesse und zuverl\u00e4ssige Dienstleistungen sind einige der Gr\u00fcnde, warum Kunden diesen Anbieter bevorzugen.<\/p><p>Huili (Huilicnc.com) hat eine hohe Erfolgsquote bei der Erstellung komplexer Merkmale und au\u00dfergew\u00f6hnlicher Oberfl\u00e4cheng\u00fcten f\u00fcr jedes Erodierprojekt mit nur einer Maschine oder einer Vielzahl von Techniken.<\/p><p>Setzen Sie sich mit Huili (Huilicnc.com) in Verbindung, um ma\u00dfgefertigte Teile schneller als jeder andere Anbieter in Ihrer N\u00e4he anfertigen zu lassen!<\/p>\t\t\t\t\t\t\t\t<\/div>\n\t\t\t\t<\/div>\n\t\t\t\t\t<\/div>\n\t\t<\/div>\n\t\t\t\t\t<\/div>\n\t\t<\/section>\n\t\t\t\t<section class=\"elementor-section elementor-top-section elementor-element elementor-element-74b553a elementor-section-boxed elementor-section-height-default elementor-section-height-default\" data-id=\"74b553a\" data-element_type=\"section\" data-settings=\"{&quot;background_background&quot;:&quot;classic&quot;}\">\n\t\t\t\t\t\t<div class=\"elementor-container elementor-column-gap-default\">\n\t\t\t\t\t<div class=\"elementor-column elementor-col-50 elementor-top-column elementor-element elementor-element-e62e553\" data-id=\"e62e553\" data-element_type=\"column\">\n\t\t\t<div class=\"elementor-widget-wrap elementor-element-populated\">\n\t\t\t\t\t\t<section class=\"elementor-section elementor-inner-section elementor-element elementor-element-ba37c6b elementor-section-boxed elementor-section-height-default elementor-section-height-default\" data-id=\"ba37c6b\" data-element_type=\"section\">\n\t\t\t\t\t\t<div class=\"elementor-container elementor-column-gap-default\">\n\t\t\t\t\t<div class=\"elementor-column elementor-col-100 elementor-inner-column elementor-element elementor-element-d4fa3a3\" data-id=\"d4fa3a3\" data-element_type=\"column\">\n\t\t\t<div class=\"elementor-widget-wrap elementor-element-populated\">\n\t\t\t\t\t\t<div class=\"elementor-element elementor-element-8731eac elementor-widget elementor-widget-heading\" data-id=\"8731eac\" data-element_type=\"widget\" data-widget_type=\"heading.default\">\n\t\t\t\t<div class=\"elementor-widget-container\">\n\t\t\t\t\t<h2 class=\"elementor-heading-title elementor-size-default\">Warum Huili Drahterodierdienstleistungen w\u00e4hlen?<\/h2>\t\t\t\t<\/div>\n\t\t\t\t<\/div>\n\t\t\t\t<div class=\"elementor-element elementor-element-52a50bb elementor-widget elementor-widget-text-editor\" data-id=\"52a50bb\" data-element_type=\"widget\" data-widget_type=\"text-editor.default\">\n\t\t\t\t<div class=\"elementor-widget-container\">\n\t\t\t\t\t\t\t\t\t<ul><li><strong>Mengenflexibilit\u00e4t.<\/strong> Die St\u00fcckzahl, die Sie ben\u00f6tigen, kann von einem einzigen Teil bis zu Hunderttausenden reichen. Wir verf\u00fcgen \u00fcber leistungsstarke Maschinen, die eine hohe Produktionsmenge bew\u00e4ltigen k\u00f6nnen, ohne die Qualit\u00e4t zu beeintr\u00e4chtigen.<\/li><li><strong>Qualit\u00e4tssicherung.<\/strong> Wir verf\u00fcgen \u00fcber Vollzeit-Qualit\u00e4tsinspektoren und die modernsten Messinstrumente, um sicherzustellen, dass jedes Produkt Ihren hohen Anforderungen entspricht.<\/li><li><strong>Professionalit\u00e4t auf hohem Niveau. <\/strong>Die Ingenieure der Firma sind darin geschult, Ihre speziellen Bed\u00fcrfnisse zu verstehen und arbeiten w\u00e4hrend des gesamten Prozesses in enger Abstimmung mit Ihnen.<\/li><li><strong>Kundenzufriedenheit.<\/strong> Wir achten auf Details, schlie\u00dfen Projekte p\u00fcnktlich ab, bieten Qualit\u00e4tsl\u00f6sungen und reagieren auf Anfragen.<\/li><li><strong>Erschwingliche Preispolitik.<\/strong> Der Preis Ihrer Teile h\u00e4ngt von einer Vielzahl von Faktoren ab, wie z.B. dem Material, der Ma\u00dfgenauigkeit, der Menge und der Durchlaufzeit. Wir bieten jedoch budgetfreundliche Preise, um den finanziellen Anforderungen jedes Kunden gerecht zu werden.<\/li><\/ul>\t\t\t\t\t\t\t\t<\/div>\n\t\t\t\t<\/div>\n\t\t\t\t\t<\/div>\n\t\t<\/div>\n\t\t\t\t\t<\/div>\n\t\t<\/section>\n\t\t\t\t<section class=\"elementor-section elementor-inner-section elementor-element elementor-element-25d9fe0 elementor-section-boxed elementor-section-height-default elementor-section-height-default\" data-id=\"25d9fe0\" data-element_type=\"section\">\n\t\t\t\t\t\t<div class=\"elementor-container elementor-column-gap-default\">\n\t\t\t\t\t<div class=\"elementor-column elementor-col-100 elementor-inner-column elementor-element elementor-element-7322078\" data-id=\"7322078\" data-element_type=\"column\">\n\t\t\t<div class=\"elementor-widget-wrap elementor-element-populated\">\n\t\t\t\t\t\t<div class=\"elementor-element elementor-element-4942d83 elementor-widget elementor-widget-heading\" data-id=\"4942d83\" data-element_type=\"widget\" data-widget_type=\"heading.default\">\n\t\t\t\t<div class=\"elementor-widget-container\">\n\t\t\t\t\t<h2 class=\"elementor-heading-title elementor-size-default\">Was ist Drahterodieren? Definition und Beschreibung<\/h2>\t\t\t\t<\/div>\n\t\t\t\t<\/div>\n\t\t\t\t<div class=\"elementor-element elementor-element-b72b571 elementor-widget elementor-widget-text-editor\" data-id=\"b72b571\" data-element_type=\"widget\" data-widget_type=\"text-editor.default\">\n\t\t\t\t<div class=\"elementor-widget-container\">\n\t\t\t\t\t\t\t\t\t<p>EDM oder Electrical Discharge Machining ist auch als Funkenerosion, Funkenbearbeitung oder Senkerodieren bekannt. Es handelt sich um ein Verfahren, bei dem elektrische Entladungen verwendet werden, um das Material von der Oberfl\u00e4che eines Werkst\u00fccks zu erodieren. Die Funkenerosion wird f\u00fcr die kosteng\u00fcnstige Herstellung extrem komplizierter und komplexer Formen verwendet. Allerdings wird es nur bei Metallen\/Leitermaterialien eingesetzt.<\/p><p>Das Verfahren beginnt mit einer Elektrode, die in einem bestimmten Abstand, in der Regel etwa ein Zoll, \u00fcber dem Werkst\u00fcck angebracht wird. Von der Elektrode wird ein Draht in ein F\u00fchrungsrohr gef\u00fchrt. Dieser Draht wird dann an einen Hochfrequenzgenerator angeschlossen, der eine elektrische Ladung durch ihn hindurch schickt. Wenn dies geschehen ist, sendet die EDM-Maschine einen Stromimpuls durch den Draht und erzeugt dadurch starke Hitze.<\/p><p>Diese intensive Hitze wird f\u00fcr das hochpr\u00e4zise Schneiden von Materialien verwendet. Sie wird zur Bearbeitung von Blockmaterialien wie Zahnr\u00e4dern und Gussformen verwendet.<\/p>\t\t\t\t\t\t\t\t<\/div>\n\t\t\t\t<\/div>\n\t\t\t\t\t<\/div>\n\t\t<\/div>\n\t\t\t\t\t<\/div>\n\t\t<\/section>\n\t\t\t\t<section class=\"elementor-section elementor-inner-section elementor-element elementor-element-495ac8b elementor-section-boxed elementor-section-height-default elementor-section-height-default\" data-id=\"495ac8b\" data-element_type=\"section\">\n\t\t\t\t\t\t<div class=\"elementor-container elementor-column-gap-default\">\n\t\t\t\t\t<div class=\"elementor-column elementor-col-100 elementor-inner-column elementor-element elementor-element-f91fb22\" data-id=\"f91fb22\" data-element_type=\"column\">\n\t\t\t<div class=\"elementor-widget-wrap elementor-element-populated\">\n\t\t\t\t\t\t<div class=\"elementor-element elementor-element-df0faed elementor-widget elementor-widget-heading\" data-id=\"df0faed\" data-element_type=\"widget\" data-widget_type=\"heading.default\">\n\t\t\t\t<div class=\"elementor-widget-container\">\n\t\t\t\t\t<h2 class=\"elementor-heading-title elementor-size-default\">Wie Drahterodieren funktioniert<\/h2>\t\t\t\t<\/div>\n\t\t\t\t<\/div>\n\t\t\t\t<div class=\"elementor-element elementor-element-70b982a elementor-widget elementor-widget-text-editor\" data-id=\"70b982a\" data-element_type=\"widget\" data-widget_type=\"text-editor.default\">\n\t\t\t\t<div class=\"elementor-widget-container\">\n\t\t\t\t\t\t\t\t\t<p>Beim EDM-Verfahren wird ein elektrisch geladener Draht verwendet, um Material von der Oberfl\u00e4che eines Metallteils zu entfernen. Hier finden Sie eine Schritt-f\u00fcr-Schritt-Anleitung f\u00fcr das EDM-Verfahren:<\/p><p>Legen Sie das Werkst\u00fcck auf die Werkbank. Befestigen Sie es sicher (normalerweise mit einem Schraubstock). Richten Sie die Maschine f\u00fcr das Drahterodieren ein. Platzieren Sie die Elektrode \u00fcber dem Werkst\u00fcck.<\/p><p>Wenn der Abstand zwischen der Drahtelektrode und dem Werkst\u00fcck etwa zehn Mikrometer betr\u00e4gt, wird die Isolierung zwischen den beiden besch\u00e4digt, und es kommt zur Funkenbildung. Infolgedessen kommt es zu einem sofortigen Stromfluss, der einen Lichtbogenturm erzeugt (Entladung mit hoher Dichte).<\/p>\t\t\t\t\t\t\t\t<\/div>\n\t\t\t\t<\/div>\n\t\t\t\t\t<\/div>\n\t\t<\/div>\n\t\t\t\t\t<\/div>\n\t\t<\/section>\n\t\t\t\t\t<\/div>\n\t\t<\/div>\n\t\t\t\t<div class=\"elementor-column elementor-col-50 elementor-top-column elementor-element elementor-element-945ee99\" data-id=\"945ee99\" data-element_type=\"column\">\n\t\t\t<div class=\"elementor-widget-wrap elementor-element-populated\">\n\t\t\t\t\t\t<section class=\"elementor-section elementor-inner-section elementor-element elementor-element-3677bc7 elementor-section-boxed elementor-section-height-default elementor-section-height-default\" data-id=\"3677bc7\" data-element_type=\"section\" data-settings=\"{&quot;background_background&quot;:&quot;classic&quot;,&quot;sticky&quot;:&quot;top&quot;,&quot;sticky_on&quot;:[&quot;desktop&quot;,&quot;tablet&quot;],&quot;sticky_offset&quot;:125,&quot;sticky_parent&quot;:&quot;yes&quot;,&quot;sticky_effects_offset&quot;:0,&quot;sticky_anchor_link_offset&quot;:0}\">\n\t\t\t\t\t\t<div class=\"elementor-container elementor-column-gap-default\">\n\t\t\t\t\t<div class=\"elementor-column elementor-col-100 elementor-inner-column elementor-element elementor-element-be7c84e\" data-id=\"be7c84e\" data-element_type=\"column\">\n\t\t\t<div class=\"elementor-widget-wrap elementor-element-populated\">\n\t\t\t\t\t\t<div class=\"elementor-element elementor-element-6cabab3 elementor-widget elementor-widget-heading\" data-id=\"6cabab3\" data-element_type=\"widget\" data-widget_type=\"heading.default\">\n\t\t\t\t<div class=\"elementor-widget-container\">\n\t\t\t\t\t<p class=\"elementor-heading-title elementor-size-default\">Senden Sie Ihre Anfrage noch heute\n<\/p>\t\t\t\t<\/div>\n\t\t\t\t<\/div>\n\t\t\t\t<div class=\"elementor-element elementor-element-5b5c10e elementor-button-align-stretch elementor-widget elementor-widget-global elementor-global-1898 elementor-widget-form\" data-id=\"5b5c10e\" data-element_type=\"widget\" data-settings=\"{&quot;step_next_label&quot;:&quot;Next&quot;,&quot;step_previous_label&quot;:&quot;Previous&quot;,&quot;button_width&quot;:&quot;100&quot;,&quot;step_type&quot;:&quot;number_text&quot;,&quot;step_icon_shape&quot;:&quot;circle&quot;}\" data-widget_type=\"form.default\">\n\t\t\t\t<div class=\"elementor-widget-container\">\n\t\t\t\t\t\t\t<form class=\"elementor-form\" method=\"post\" name=\"New Form\" action=\"\">\n\t\t\t<input type=\"hidden\" name=\"post_id\" value=\"1604\"\/>\n\t\t\t<input type=\"hidden\" name=\"form_id\" value=\"5b5c10e\"\/>\n\t\t\t<input type=\"hidden\" name=\"referer_title\" value=\"\" \/>\n\n\t\t\t\n\t\t\t<div class=\"elementor-form-fields-wrapper elementor-labels-\">\n\t\t\t\t\t\t\t\t<div class=\"elementor-field-type-text elementor-field-group elementor-column elementor-field-group-name elementor-col-100 elementor-field-required\">\n\t\t\t\t\t\t\t\t\t\t\t\t\t<input size=\"1\" type=\"text\" name=\"form_fields[name]\" id=\"form-field-name\" class=\"elementor-field elementor-size-sm  elementor-field-textual\" placeholder=\"Name*\" required=\"required\">\n\t\t\t\t\t\t\t\t\t\t\t<\/div>\n\t\t\t\t\t\t\t\t<div class=\"elementor-field-type-email elementor-field-group elementor-column elementor-field-group-email elementor-col-100 elementor-field-required\">\n\t\t\t\t\t\t\t\t\t\t\t\t\t<input size=\"1\" type=\"email\" name=\"form_fields[email]\" id=\"form-field-email\" class=\"elementor-field elementor-size-sm  elementor-field-textual\" placeholder=\"E-Mail*\" required=\"required\">\n\t\t\t\t\t\t\t\t\t\t\t<\/div>\n\t\t\t\t\t\t\t\t<div class=\"elementor-field-type-text elementor-field-group elementor-column elementor-field-group-field_e57b138 elementor-col-100\">\n\t\t\t\t\t\t\t\t\t\t\t\t\t<input size=\"1\" type=\"text\" name=\"form_fields[field_e57b138]\" id=\"form-field-field_e57b138\" class=\"elementor-field elementor-size-sm  elementor-field-textual\" placeholder=\"Unternehmen\">\n\t\t\t\t\t\t\t\t\t\t\t<\/div>\n\t\t\t\t\t\t\t\t<div class=\"elementor-field-type-text elementor-field-group elementor-column elementor-field-group-field_d0fdaae elementor-col-100\">\n\t\t\t\t\t\t\t\t\t\t\t\t\t<input size=\"1\" type=\"text\" name=\"form_fields[field_d0fdaae]\" id=\"form-field-field_d0fdaae\" class=\"elementor-field elementor-size-sm  elementor-field-textual\" placeholder=\"Telefon\">\n\t\t\t\t\t\t\t\t\t\t\t<\/div>\n\t\t\t\t\t\t\t\t<div class=\"elementor-field-type-textarea elementor-field-group elementor-column elementor-field-group-message elementor-col-100\">\n\t\t\t\t\t<textarea class=\"elementor-field-textual elementor-field  elementor-size-sm\" name=\"form_fields[message]\" id=\"form-field-message\" rows=\"4\" placeholder=\"Nachricht\"><\/textarea>\t\t\t\t<\/div>\n\t\t\t\t\t\t\t\t<div class=\"elementor-field-group elementor-column elementor-field-type-submit elementor-col-100 e-form__buttons\">\n\t\t\t\t\t<button class=\"elementor-button elementor-size-sm\" type=\"submit\">\n\t\t\t\t\t\t<span class=\"elementor-button-content-wrapper\">\n\t\t\t\t\t\t\t\t\t\t\t\t\t\t\t\t\t\t\t\t\t\t<span class=\"elementor-button-text\">Senden Sie<\/span>\n\t\t\t\t\t\t\t\t\t\t\t\t\t<\/span>\n\t\t\t\t\t<\/button>\n\t\t\t\t<\/div>\n\t\t\t<\/div>\n\t\t<input type=\"hidden\" name=\"trp-form-language\" value=\"de\"\/><\/form>\n\t\t\t\t\t\t<\/div>\n\t\t\t\t<\/div>\n\t\t\t\t\t<\/div>\n\t\t<\/div>\n\t\t\t\t\t<\/div>\n\t\t<\/section>\n\t\t\t\t\t<\/div>\n\t\t<\/div>\n\t\t\t\t\t<\/div>\n\t\t<\/section>\n\t\t\t\t<\/div>","protected":false},"excerpt":{"rendered":"<p>Drahterodierdienstleistungen Suchen Sie einen Spezialisten f\u00fcr individuell bearbeitete Teile? Huili (Huilicnc.com) hat sich auf Drahterodierarbeiten und CNC-Fr\u00e4sen spezialisiert. Sie erhalten industriell gefertigte Teile mit un\u00fcbertroffener Leichtigkeit. Starten Sie mit einem kostenlosen Angebot Home Dar\u00fcber hinaus verf\u00fcgt das Unternehmen \u00fcber hochmoderne Drahterodiermaschinen und mehrere Erodiertechnologien, um die Anforderungen seiner Kunden [...]<\/p>","protected":false},"author":1,"featured_media":0,"parent":9,"menu_order":0,"comment_status":"closed","ping_status":"closed","template":"elementor_header_footer","meta":{"_seopress_robots_primary_cat":"","_seopress_titles_title":"Leading Wire EDM Parts & Electric Discharge Machining Company %%sep%% %%sitetitle%%","_seopress_titles_desc":"","_seopress_robots_index":"","footnotes":""},"class_list":["post-1604","page","type-page","status-publish","hentry"],"_links":{"self":[{"href":"https:\/\/www.huilicnc.com\/de\/wp-json\/wp\/v2\/pages\/1604","targetHints":{"allow":["GET"]}}],"collection":[{"href":"https:\/\/www.huilicnc.com\/de\/wp-json\/wp\/v2\/pages"}],"about":[{"href":"https:\/\/www.huilicnc.com\/de\/wp-json\/wp\/v2\/types\/page"}],"author":[{"embeddable":true,"href":"https:\/\/www.huilicnc.com\/de\/wp-json\/wp\/v2\/users\/1"}],"replies":[{"embeddable":true,"href":"https:\/\/www.huilicnc.com\/de\/wp-json\/wp\/v2\/comments?post=1604"}],"version-history":[{"count":0,"href":"https:\/\/www.huilicnc.com\/de\/wp-json\/wp\/v2\/pages\/1604\/revisions"}],"up":[{"embeddable":true,"href":"https:\/\/www.huilicnc.com\/de\/wp-json\/wp\/v2\/pages\/9"}],"wp:attachment":[{"href":"https:\/\/www.huilicnc.com\/de\/wp-json\/wp\/v2\/media?parent=1604"}],"curies":[{"name":"wp","href":"https:\/\/api.w.org\/{rel}","templated":true}]}}